{"id":163,"date":"2025-11-24T10:58:11","date_gmt":"2025-11-24T10:58:11","guid":{"rendered":"http:\/\/www.emzuinstal.marwie.net.pl\/index.php\/o-nas\/"},"modified":"2025-11-25T12:18:13","modified_gmt":"2025-11-25T12:18:13","slug":"o-nas","status":"publish","type":"page","link":"https:\/\/www.emzuinstal.marwie.net.pl\/index.php\/o-nas\/","title":{"rendered":"O NAS"},"content":{"rendered":"<h3>Jeste\u015bmy firm\u0105 zajmuj\u0105c\u0105 si\u0119:<\/h3>\n<h3>Automatyk\u0105 bramow\u0105<\/h3>\n<h3>Instalacjami:<\/h3>\n<ul>\n<li>\n<h4>elektrycznymi,<\/h4>\n<\/li>\n<li>\n<h4>wodno-kanalizacyjnymi,<\/h4>\n<\/li>\n<li>\n<h4>Centralnego Ogrzewania (CO),<\/h4>\n<\/li>\n<li>\n<h4>alarmowymi,<\/h4>\n<\/li>\n<li>\n<h4>domofonowymi<\/h4>\n<\/li>\n<\/ul>\n\n\n<p><\/p>\n","protected":false},"excerpt":{"rendered":"<p>Jeste\u015bmy firm\u0105 zajmuj\u0105c\u0105 si\u0119: Automatyk\u0105 bramow\u0105 Instalacjami: elektrycznymi, wodno-kanalizacyjnymi, Centralnego Ogrzewania (CO), alarmowymi, domofonowymi<\/p>\n","protected":false},"author":2,"featured_media":0,"parent":0,"menu_order":0,"comment_status":"closed","ping_status":"closed","template":"","meta":{"saved_in_kubio":true,"footnotes":""},"class_list":["post-163","page","type-page","status-publish","hentry"],"kubio_ai_page_context":{"short_desc":"","purpose":"general"},"_links":{"self":[{"href":"https:\/\/www.emzuinstal.marwie.net.pl\/index.php\/wp-json\/wp\/v2\/pages\/163","targetHints":{"allow":["GET"]}}],"collection":[{"href":"https:\/\/www.emzuinstal.marwie.net.pl\/index.php\/wp-json\/wp\/v2\/pages"}],"about":[{"href":"https:\/\/www.emzuinstal.marwie.net.pl\/index.php\/wp-json\/wp\/v2\/types\/page"}],"author":[{"embeddable":true,"href":"https:\/\/www.emzuinstal.marwie.net.pl\/index.php\/wp-json\/wp\/v2\/users\/2"}],"replies":[{"embeddable":true,"href":"https:\/\/www.emzuinstal.marwie.net.pl\/index.php\/wp-json\/wp\/v2\/comments?post=163"}],"version-history":[{"count":14,"href":"https:\/\/www.emzuinstal.marwie.net.pl\/index.php\/wp-json\/wp\/v2\/pages\/163\/revisions"}],"predecessor-version":[{"id":294,"href":"https:\/\/www.emzuinstal.marwie.net.pl\/index.php\/wp-json\/wp\/v2\/pages\/163\/revisions\/294"}],"wp:attachment":[{"href":"https:\/\/www.emzuinstal.marwie.net.pl\/index.php\/wp-json\/wp\/v2\/media?parent=163"}],"curies":[{"name":"wp","href":"https:\/\/api.w.org\/{rel}","templated":true}]}}